{"id":229,"date":"2024-02-06T15:37:45","date_gmt":"2024-02-06T15:37:45","guid":{"rendered":"https:\/\/www.pinbally-pronajem.cz\/?page_id=229"},"modified":"2024-02-07T20:36:05","modified_gmt":"2024-02-07T20:36:05","slug":"co-je-pinball","status":"publish","type":"page","link":"https:\/\/www.pinbally-pronajem.cz\/?page_id=229","title":{"rendered":"co je Pinball?"},"content":{"rendered":"<section class=\"l-section wpb_row us_custom_19737bc8 height_medium\"><div class=\"l-section-h i-cf\"><div class=\"g-cols vc_row via_grid cols_2 laptops-cols_inherit tablets-cols_inherit mobiles-cols_1 valign_top type_default stacking_default\"><div class=\"wpb_column vc_column_container\"><div class=\"vc_column-inner\"><div class=\"w-image align_none\"><div class=\"w-image-h\"><img loading=\"lazy\" decoding=\"async\" width=\"846\" height=\"564\" src=\"https:\/\/www.pinbally-pronajem.cz\/wp-content\/uploads\/2024\/02\/pinballs_room.jpg\" class=\"attachment-large size-large\" alt=\"\" srcset=\"https:\/\/www.pinbally-pronajem.cz\/wp-content\/uploads\/2024\/02\/pinballs_room.jpg 846w, https:\/\/www.pinbally-pronajem.cz\/wp-content\/uploads\/2024\/02\/pinballs_room-300x200.jpg 300w\" sizes=\"auto, (max-width: 846px) 100vw, 846px\" \/><\/div><\/div><div class=\"w-separator size_medium\"><\/div><div class=\"w-image align_none\"><div class=\"w-image-h\"><img loading=\"lazy\" decoding=\"async\" width=\"1024\" height=\"662\" src=\"https:\/\/www.pinbally-pronajem.cz\/wp-content\/uploads\/2024\/02\/playfield_detail-1024x662.jpeg\" class=\"attachment-large size-large\" alt=\"\" srcset=\"https:\/\/www.pinbally-pronajem.cz\/wp-content\/uploads\/2024\/02\/playfield_detail-1024x662.jpeg 1024w, https:\/\/www.pinbally-pronajem.cz\/wp-content\/uploads\/2024\/02\/playfield_detail-300x194.jpeg 300w, https:\/\/www.pinbally-pronajem.cz\/wp-content\/uploads\/2024\/02\/playfield_detail.jpeg 1406w\" sizes=\"auto, (max-width: 1024px) 100vw, 1024px\" \/><\/div><\/div><div class=\"w-separator size_small\"><\/div><\/div><\/div><div class=\"wpb_column vc_column_container\"><div class=\"vc_column-inner\"><div class=\"wpb_text_column\"><div class=\"wpb_wrapper\"><h5>Co je Pinball?<\/h5>\n<\/div><\/div><div class=\"w-separator size_medium\"><\/div><div class=\"wpb_text_column\"><div class=\"wpb_wrapper\"><p>Pinball je z\u00e1bavn\u00ed automat pro d\u011bti i dosp\u011bl\u00e9. Jednotliv\u00e9 hrac\u00ed stroje maj\u00ed r\u016fzn\u00e9 motivy nap\u0159. popul\u00e1rn\u00edch film\u016f, kapel, nebo se zam\u011b\u0159en\u00edm na v\u0161eobecn\u00e9 t\u00e9ma jako auta, motorky atd&#8230;<\/p>\n<p>Na jeho hern\u00ed desce &#8222;playfieldu&#8220; jsou krom\u011b petrobarevn\u00fdch kreseb a osv\u011btlen\u00ed tak\u00e9 vyst\u0159elovac\u00ed mechanizmy a rampy pro ocelov\u00e9 hrac\u00ed koule.<\/p>\n<p>C\u00edlem hry je nahr\u00e1t co nejv\u011bt\u0161\u00ed sk\u00f3re. Hr\u00e1\u010d ovlivn\u00ed pr\u016fb\u011bh hry tla\u010d\u00edtky flipper\u016f, kter\u00e9 vyst\u0159eluj\u00ed koule po\u017eadovan\u00fdm sm\u011brem.<\/p>\n<p>Pinball je mo\u017en\u00e9 hr\u00e1t v jednom a\u017e \u010dty\u0159ech hr\u00e1\u010d\u00edch, kte\u0159\u00ed se st\u0159\u00eddaj\u00ed po jednotliv\u00fdch koul\u00edch.<\/p>\n<p>Hra za\u010d\u00edn\u00e1 po vhozen\u00ed mince na kter\u00e9 je automat nastaven. Automaty mohou akceptovat \u010desk\u00e9 koruny i eura. Hru je mo\u017en\u00e9 nastavit na &#8222;free play&#8220;, tedy zdarma.<\/p>\n<p>Hra ukl\u00e1d\u00e1 sk\u00f3re nejlep\u0161\u00edch hr\u00e1\u010d\u016f, kte\u0159\u00ed se sna\u017e\u00ed navz\u00e1jem p\u0159ekonat.<\/p>\n<\/div><\/div><div class=\"w-separator size_large\"><\/div><div class=\"w-btn-wrapper align_none\"><a class=\"w-btn us-btn-style_1\" href=\"https:\/\/www.pinbally-pronajem.cz\"><span class=\"w-btn-label\">zp\u011bt na str\u00e1nky<\/span><\/a><\/div><\/div><\/div><\/div><\/div><\/section><section class=\"l-section wpb_row height_small\"><div class=\"l-section-h i-cf\"><div class=\"g-cols vc_row via_grid cols_1 laptops-cols_inherit tablets-cols_inherit mobiles-cols_1 valign_top type_default stacking_default\"><div class=\"wpb_column vc_column_container\"><div class=\"vc_column-inner\"><div class=\"w-separator size_custom with_line width_default thick_1 style_solid color_border align_center\" style=\"height:20px\"><div class=\"w-separator-h\"><\/div><\/div><div class=\"wpb_text_column\"><div class=\"wpb_wrapper\"><p style=\"text-align: right;\"><a href=\"http:\/\/www.pinbally-pronajem.cz\">www.pinbally-pronajem.cz<\/a><\/p>\n<\/div><\/div><\/div><\/div><\/div><\/div><\/section>\n","protected":false},"excerpt":{"rendered":"Co je Pinball? Pinball je z\u00e1bavn\u00ed automat pro d\u011bti i dosp\u011bl\u00e9. Jednotliv\u00e9 hrac\u00ed stroje maj\u00ed r\u016fzn\u00e9 motivy nap\u0159. popul\u00e1rn\u00edch film\u016f, kapel, nebo se zam\u011b\u0159en\u00edm na v\u0161eobecn\u00e9 t\u00e9ma jako auta, motorky atd&#8230; Na jeho hern\u00ed desce &#8222;playfieldu&#8220; jsou krom\u011b petrobarevn\u00fdch kreseb a osv\u011btlen\u00ed tak\u00e9 vyst\u0159elovac\u00ed mechanizmy a rampy pro ocelov\u00e9 hrac\u00ed koule. C\u00edlem hry je nahr\u00e1t...","protected":false},"author":1,"featured_media":0,"parent":0,"menu_order":0,"comment_status":"closed","ping_status":"closed","template":"","meta":{"footnotes":""},"class_list":["post-229","page","type-page","status-publish","hentry"],"_links":{"self":[{"href":"https:\/\/www.pinbally-pronajem.cz\/index.php?rest_route=\/wp\/v2\/pages\/229","targetHints":{"allow":["GET"]}}],"collection":[{"href":"https:\/\/www.pinbally-pronajem.cz\/index.php?rest_route=\/wp\/v2\/pages"}],"about":[{"href":"https:\/\/www.pinbally-pronajem.cz\/index.php?rest_route=\/wp\/v2\/types\/page"}],"author":[{"embeddable":true,"href":"https:\/\/www.pinbally-pronajem.cz\/index.php?rest_route=\/wp\/v2\/users\/1"}],"replies":[{"embeddable":true,"href":"https:\/\/www.pinbally-pronajem.cz\/index.php?rest_route=%2Fwp%2Fv2%2Fcomments&post=229"}],"version-history":[{"count":48,"href":"https:\/\/www.pinbally-pronajem.cz\/index.php?rest_route=\/wp\/v2\/pages\/229\/revisions"}],"predecessor-version":[{"id":318,"href":"https:\/\/www.pinbally-pronajem.cz\/index.php?rest_route=\/wp\/v2\/pages\/229\/revisions\/318"}],"wp:attachment":[{"href":"https:\/\/www.pinbally-pronajem.cz\/index.php?rest_route=%2Fwp%2Fv2%2Fmedia&parent=229"}],"curies":[{"name":"wp","href":"https:\/\/api.w.org\/{rel}","templated":true}]}}