{"id":7,"date":"2024-02-04T10:31:00","date_gmt":"2024-02-04T10:31:00","guid":{"rendered":"http:\/\/www.pinbally-pronajem.cz\/?page_id=7"},"modified":"2024-02-06T18:00:07","modified_gmt":"2024-02-06T18:00:07","slug":"uvodni-stranka","status":"publish","type":"page","link":"https:\/\/www.pinbally-pronajem.cz\/","title":{"rendered":"\u00davodn\u00ed str\u00e1nka"},"content":{"rendered":"<section class=\"l-section wpb_row height_medium with_img\"><div class=\"l-section-img\" role=\"img\" data-img-width=\"2560\" data-img-height=\"1142\" style=\"background-image: url(https:\/\/www.pinbally-pronajem.cz\/wp-content\/uploads\/2024\/02\/headpic-scaled.jpg);background-repeat: no-repeat;\"><\/div><div class=\"l-section-h i-cf\"><div class=\"g-cols vc_row via_grid cols_1 laptops-cols_inherit tablets-cols_inherit mobiles-cols_1 valign_top type_default stacking_default\"><div class=\"wpb_column vc_column_container\"><div class=\"vc_column-inner\"><div class=\"w-separator size_custom\" style=\"height:330px\"><\/div><div class=\"w-separator size_small\"><\/div><h1 class=\"w-itext us_custom_0044c748 has_text_color type_zoomInChars align_center dynamic_bold\" onclick='return {&quot;duration&quot;:150,&quot;delay&quot;:3000,&quot;disablePartAnimation&quot;:false,&quot;dynamicColor&quot;:&quot;var(--color-content-primary)&quot;,&quot;html_nbsp_char&quot;:true}'>zav\u00e1\u017e\u00edme\u00a0-\u00a0<span class=\"w-itext-part changesat_0 changesat_1 changesat_2 changesat_3 dynamic\" style=\"color:_content_primary\" onclick='return [&quot;spole\\u010densk\\u00e9\\u00a0akce&quot;,&quot;kluby\\u00a0a\\u00a0bary&quot;,&quot;modern\\u00ed\\u00a0kancel\\u00e1\\u0159e&quot;,&quot;herny&quot;]'><span>spole\u010densk&eacute;&nbsp;akce<\/span><\/span><\/h1><div class=\"w-separator size_small\"><\/div><div class=\"w-hwrapper valign_top stack_on_mobiles align_center\"><div class=\"w-btn-wrapper align_none\"><a class=\"w-btn us-btn-style_1\" href=\"tel: +420 702 091 392\"><span class=\"w-btn-label\">Kontaktujte n\u00e1s<\/span><\/a><\/div><div class=\"w-btn-wrapper align_none\"><a class=\"w-btn us-btn-style_2 us_custom_0259209c has_text_color\" href=\"https:\/\/www.pinbally-pronajem.cz\/?page_id=229\"><span class=\"w-btn-label\">Co je Pinball?<\/span><\/a><\/div><\/div><div class=\"w-separator size_medium\"><\/div><div class=\"w-hwrapper valign_top stack_on_mobiles align_center\" style=\"--hwrapper-gap:2rem\"><div class=\"w-counter us_custom_e937d741 has_text_color color_custom align_none has_font_size\" data-duration=\"2\"><div class=\"w-counter-value\" style=\"color:#fffffe;\"><span class=\"w-counter-value-part type_text\" data-final=\"p\u0159es \">p\u0159es <\/span><span class=\"w-counter-value-part type_number\" data-final=\"25+\">1+<\/span><span class=\"w-counter-value-part type_text\" data-final=\"\"><\/span><\/div><span class=\"w-counter-title\">Pinball automat\u016f<\/span><\/div><\/div><\/div><\/div><\/div><\/div><\/section><section class=\"l-section wpb_row height_medium\" id=\"section-01\"><div class=\"l-section-h i-cf\"><div class=\"g-cols vc_row via_grid cols_1 laptops-cols_inherit tablets-cols_inherit mobiles-cols_1 valign_top type_default stacking_default\"><div class=\"wpb_column vc_column_container\"><div class=\"vc_column-inner\"><div class=\"g-cols wpb_row via_grid cols_2 laptops-cols_inherit tablets-cols_inherit mobiles-cols_1 valign_top type_default stacking_default\" style=\"--gap:6vh;\"><div class=\"wpb_column vc_column_container\"><div class=\"vc_column-inner\"><div class=\"w-separator size_small\"><\/div><div class=\"w-iconbox iconpos_left style_default color_primary align_none\"><div class=\"w-iconbox-icon\" style=\"font-size:3rem;\"><i class=\"material-icons\">local_bar<\/i><\/div><div class=\"w-iconbox-meta\"><h4 class=\"w-iconbox-title\">kluby, bary, restaurace<\/h4><div class=\"w-iconbox-text\"><p>Pinball do Va\u0161eho klubu, pot\u011b\u0161te hosty origin\u00e1ln\u00ed z\u00e1bavou.<\/p>\n<\/div><\/div><\/div><\/div><\/div><div class=\"wpb_column vc_column_container\"><div class=\"vc_column-inner\"><div class=\"w-separator size_small\"><\/div><div class=\"w-iconbox iconpos_left style_default color_primary align_none\"><div class=\"w-iconbox-icon\" style=\"font-size:3rem;\"><i class=\"material-icons\">emoji_emotions<\/i><\/div><div class=\"w-iconbox-meta\"><h4 class=\"w-iconbox-title\">spole\u010densk\u00e9 akce<\/h4><div class=\"w-iconbox-text\"><p>Firemn\u00ed ve\u010d\u00edrky, V\u00fdstavy, Exhibice, Sout\u011b\u017ee<\/p>\n<\/div><\/div><\/div><\/div><\/div><div class=\"wpb_column vc_column_container\"><div class=\"vc_column-inner\"><div class=\"w-iconbox iconpos_left style_default color_primary align_none\"><div class=\"w-iconbox-icon\" style=\"font-size:3rem;\"><i class=\"material-icons\">location_city<\/i><\/div><div class=\"w-iconbox-meta\"><h4 class=\"w-iconbox-title\">modern\u00ed kancel\u00e1\u0159e<\/h4><div class=\"w-iconbox-text\"><p>Pinball do pr\u00e1ce, odm\u011b\u0148te zam\u011bstnance za pr\u00e1ci a nechte je chv\u00edli hr\u00e1t.<\/p>\n<\/div><\/div><\/div><\/div><\/div><div class=\"wpb_column vc_column_container\"><div class=\"vc_column-inner\"><div class=\"w-iconbox iconpos_left style_default color_primary align_none\"><div class=\"w-iconbox-icon\" style=\"font-size:3rem;\"><i class=\"material-icons\">videogame_asset<\/i><\/div><div class=\"w-iconbox-meta\"><h4 class=\"w-iconbox-title\">herny<\/h4><div class=\"w-iconbox-text\"><p>Dopl\u0148te va\u0161\u00ed ve\u0159ejnou nebo dom\u00e1c\u00ed hernu o pinballov\u00fd automat. Nab\u00edz\u00edme elektronick\u00e9 i mechanick\u00e9 retro pinbally.<\/p>\n<\/div><\/div><\/div><\/div><\/div><\/div><\/div><\/div><\/div><\/div><\/section><section class=\"l-section wpb_row height_medium with_shape\"><div class=\"l-section-shape type_custom pos_bottom\" style=\"height:33%;color:var(--color-content-bg-alt)\"><svg xmlns=\"http:\/\/www.w3.org\/2000\/svg\" viewBox=\"0 0 64 8\" preserveAspectRatio=\"none\" width=\"100%\" height=\"100%\">\r\n\t<path fill=\"currentColor\" d=\"M64 8 L0 8 L0 0 L64 0 Z\"\/>\r\n<\/svg><\/div><div class=\"l-section-h i-cf\"><div class=\"g-cols vc_row via_grid cols_1 laptops-cols_inherit tablets-cols_inherit mobiles-cols_1 valign_top type_default stacking_default\"><div class=\"wpb_column vc_column_container\"><div class=\"vc_column-inner\"><div class=\"g-cols wpb_row via_grid cols_1-2 laptops-cols_inherit tablets-cols_inherit mobiles-cols_1 valign_top type_default stacking_default\" style=\"--gap:3rem;\"><div class=\"wpb_column vc_column_container us_custom_481b1137 has_bg_color\"><div class=\"vc_column-inner\"><\/div><\/div><div class=\"wpb_column vc_column_container\"><div class=\"vc_column-inner\"><div class=\"wpb_text_column\"><div class=\"wpb_wrapper\"><h4 style=\"text-align: left;\">\u00a0 Mo\u017enosti pron\u00e1jmu<\/h4>\n<\/div><\/div><div class=\"w-separator size_medium\"><\/div><div class=\"wpb_text_column us_custom_73c7450f has_text_color\"><div class=\"wpb_wrapper\"><ul>\n<li style=\"text-align: left;\">Nab\u00edz\u00edme pron\u00e1jem pinball automat\u016f kr\u00e1tkodob\u011b i dlouhodob\u011b<\/li>\n<li style=\"text-align: left;\">Do klub\u016f formou pod\u00edlu z tr\u017eby<\/li>\n<li style=\"text-align: left;\">Na spole\u010densk\u00e9 akce ohodnocen\u00edm podle dohody<\/li>\n<li style=\"text-align: left;\">Preferujeme um\u00edst\u011bn\u00ed v Praze nebo Plzni<\/li>\n<\/ul>\n<\/div><\/div><div class=\"w-separator size_huge\"><\/div><\/div><\/div><\/div><div class=\"g-cols wpb_row via_grid cols_3 laptops-cols_inherit tablets-cols_inherit mobiles-cols_1 valign_top type_default stacking_default\" style=\"--gap:2rem;\"><div class=\"wpb_column vc_column_container us_custom_a0bd2149 has_bg_color\"><div class=\"vc_column-inner\"><div class=\"w-image align_none\"><div class=\"w-image-h\"><img loading=\"lazy\" decoding=\"async\" width=\"768\" height=\"576\" src=\"https:\/\/www.pinbally-pronajem.cz\/wp-content\/uploads\/2024\/02\/pronajem5.jpg\" class=\"attachment-large size-large\" alt=\"\" srcset=\"https:\/\/www.pinbally-pronajem.cz\/wp-content\/uploads\/2024\/02\/pronajem5.jpg 768w, https:\/\/www.pinbally-pronajem.cz\/wp-content\/uploads\/2024\/02\/pronajem5-300x225.jpg 300w\" sizes=\"auto, (max-width: 768px) 100vw, 768px\" \/><\/div><\/div><div class=\"w-separator size_small\"><\/div><div class=\"wpb_text_column\"><div class=\"wpb_wrapper\"><h5>100% Funk\u010dn\u00ed stroje<\/h5>\n<p>Pinbally udr\u017eujeme v nejlep\u0161\u00ed kondici. Pro kvalitn\u00ed z\u00e1\u017eitek ze hry je u pinball\u016f \u00fadr\u017eba nezbytn\u00e1.<\/p>\n<\/div><\/div><div class=\"w-separator size_small\"><\/div><\/div><\/div><div class=\"wpb_column vc_column_container us_custom_a0bd2149 has_bg_color\"><div class=\"vc_column-inner\"><div class=\"w-image align_none\"><div class=\"w-image-h\"><img loading=\"lazy\" decoding=\"async\" width=\"768\" height=\"576\" src=\"https:\/\/www.pinbally-pronajem.cz\/wp-content\/uploads\/2024\/02\/totan11.jpg\" class=\"attachment-large size-large\" alt=\"\" srcset=\"https:\/\/www.pinbally-pronajem.cz\/wp-content\/uploads\/2024\/02\/totan11.jpg 768w, https:\/\/www.pinbally-pronajem.cz\/wp-content\/uploads\/2024\/02\/totan11-300x225.jpg 300w\" sizes=\"auto, (max-width: 768px) 100vw, 768px\" \/><\/div><\/div><div class=\"w-separator size_small\"><\/div><div class=\"wpb_text_column\"><div class=\"wpb_wrapper\"><h5>Servis a opravy<\/h5>\n<p>Stroje v provozu pravideln\u011b servisujeme, v\u017edy dostanou co je pot\u0159eba. U jednodenn\u00edch pron\u00e1jm\u016f z\u016fst\u00e1v\u00e1 servisn\u00ed technik na lokaci.<\/p>\n<\/div><\/div><div class=\"w-separator size_small\"><\/div><\/div><\/div><div class=\"wpb_column vc_column_container us_custom_a0bd2149 has_bg_color\"><div class=\"vc_column-inner\"><div class=\"w-image align_none\"><div class=\"w-image-h\"><img loading=\"lazy\" decoding=\"async\" width=\"768\" height=\"576\" src=\"https:\/\/www.pinbally-pronajem.cz\/wp-content\/uploads\/2024\/02\/totan10.jpg\" class=\"attachment-large size-large\" alt=\"\" srcset=\"https:\/\/www.pinbally-pronajem.cz\/wp-content\/uploads\/2024\/02\/totan10.jpg 768w, https:\/\/www.pinbally-pronajem.cz\/wp-content\/uploads\/2024\/02\/totan10-300x225.jpg 300w\" sizes=\"auto, (max-width: 768px) 100vw, 768px\" \/><\/div><\/div><div class=\"w-separator size_small\"><\/div><div class=\"wpb_text_column\"><div class=\"wpb_wrapper\"><h5>Renovace<\/h5>\n<p>Prov\u00e1d\u00edme kompletn\u00ed renovace, opravy v\u0161ech komponent\u016f, mechaniky, elektroniky i software aktualizac\u00ed.<\/p>\n<\/div><\/div><div class=\"w-separator size_small\"><\/div><\/div><\/div><\/div><\/div><\/div><\/div><\/div><\/section><section class=\"l-section wpb_row us_custom_c70c97eb height_medium\"><div class=\"l-section-h i-cf\"><div class=\"g-cols vc_row via_grid cols_1 laptops-cols_inherit tablets-cols_inherit mobiles-cols_1 valign_middle type_default stacking_default\"><div class=\"wpb_column vc_column_container us_custom_3021fd7c\"><div class=\"vc_column-inner\"><div class=\"wpb_text_column us_custom_eb849559\"><div class=\"wpb_wrapper\"><h2>St\u00e1le v\u00e1h\u00e1te? <strong><span style=\"color: var(--color-content-link);\">Volejte<\/span> a zeptejte se.<\/strong><\/h2>\n<p>R\u00e1di V\u00e1m zodpov\u00edme va\u0161e dotazy po telefonu.<\/p>\n<\/div><\/div><div class=\"w-separator size_small\"><\/div><div class=\"w-btn-wrapper align_center\"><a class=\"w-btn us-btn-style_1 us_custom_a5c88937\" href=\"tel: +420 702 091 392\"><span class=\"w-btn-label\">tel.: +420 702 091 392<\/span><\/a><\/div><\/div><\/div><\/div><\/div><\/section>\n","protected":false},"excerpt":{"rendered":"zav\u00e1\u017e\u00edme\u00a0-\u00a0spole\u010densk&eacute;&nbsp;akceKontaktujte n\u00e1sCo je Pinball?p\u0159es 1+Pinball automat\u016flocal_barkluby, bary, restauracePinball do Va\u0161eho klubu, pot\u011b\u0161te hosty origin\u00e1ln\u00ed z\u00e1bavou. emoji_emotionsspole\u010densk\u00e9 akceFiremn\u00ed ve\u010d\u00edrky, V\u00fdstavy, Exhibice, Sout\u011b\u017ee location_citymodern\u00ed kancel\u00e1\u0159ePinball do pr\u00e1ce, odm\u011b\u0148te zam\u011bstnance za pr\u00e1ci a nechte je chv\u00edli hr\u00e1t. videogame_assethernyDopl\u0148te va\u0161\u00ed ve\u0159ejnou nebo dom\u00e1c\u00ed hernu o pinballov\u00fd automat. Nab\u00edz\u00edme elektronick\u00e9 i mechanick\u00e9 retro pinbally. \u00a0 Mo\u017enosti pron\u00e1jmu Nab\u00edz\u00edme pron\u00e1jem pinball...","protected":false},"author":1,"featured_media":0,"parent":0,"menu_order":0,"comment_status":"closed","ping_status":"closed","template":"","meta":{"footnotes":""},"class_list":["post-7","page","type-page","status-publish","hentry"],"_links":{"self":[{"href":"https:\/\/www.pinbally-pronajem.cz\/index.php?rest_route=\/wp\/v2\/pages\/7","targetHints":{"allow":["GET"]}}],"collection":[{"href":"https:\/\/www.pinbally-pronajem.cz\/index.php?rest_route=\/wp\/v2\/pages"}],"about":[{"href":"https:\/\/www.pinbally-pronajem.cz\/index.php?rest_route=\/wp\/v2\/types\/page"}],"author":[{"embeddable":true,"href":"https:\/\/www.pinbally-pronajem.cz\/index.php?rest_route=\/wp\/v2\/users\/1"}],"replies":[{"embeddable":true,"href":"https:\/\/www.pinbally-pronajem.cz\/index.php?rest_route=%2Fwp%2Fv2%2Fcomments&post=7"}],"version-history":[{"count":158,"href":"https:\/\/www.pinbally-pronajem.cz\/index.php?rest_route=\/wp\/v2\/pages\/7\/revisions"}],"predecessor-version":[{"id":312,"href":"https:\/\/www.pinbally-pronajem.cz\/index.php?rest_route=\/wp\/v2\/pages\/7\/revisions\/312"}],"wp:attachment":[{"href":"https:\/\/www.pinbally-pronajem.cz\/index.php?rest_route=%2Fwp%2Fv2%2Fmedia&parent=7"}],"curies":[{"name":"wp","href":"https:\/\/api.w.org\/{rel}","templated":true}]}}